{"id":1731,"date":"2023-11-18T12:42:24","date_gmt":"2023-11-18T15:42:24","guid":{"rendered":"https:\/\/itg.pt\/ITG\/?page_id=1731"},"modified":"2024-02-08T12:40:29","modified_gmt":"2024-02-08T12:40:29","slug":"politica-de-privacidade","status":"publish","type":"page","link":"https:\/\/itg.pt\/ITG\/en\/politica-de-privacidade\/","title":{"rendered":"Privacy Policy"},"content":{"rendered":"<div data-elementor-type=\"wp-page\" data-elementor-id=\"1731\" class=\"elementor elementor-1731\" data-elementor-settings=\"[]\">\n\t\t\t\t\t\t\t<div class=\"elementor-section-wrap\">\n\t\t\t\t\t\t\t<section class=\"elementor-section elementor-top-section elementor-element elementor-element-f453a07 elementor-section-boxed elementor-section-height-default elementor-section-height-default\" data-id=\"f453a07\" data-element_type=\"section\">\n\t\t\t\t\t\t<div class=\"elementor-container elementor-column-gap-default\">\n\t\t\t\t\t<div class=\"elementor-column elementor-col-100 elementor-top-column elementor-element elementor-element-0270161\" data-id=\"0270161\" data-element_type=\"column\">\n\t\t\t<div class=\"elementor-widget-wrap elementor-element-populated\">\n\t\t\t\t\t\t\t\t<div class=\"elementor-element elementor-element-300cb13 elementor-widget elementor-widget-heading\" data-id=\"300cb13\" data-element_type=\"widget\" data-widget_type=\"heading.default\">\n\t\t\t\t<div class=\"elementor-widget-container\">\n\t\t\t<style>\/*! elementor - v3.5.0 - 12-12-2021 *\/\n.elementor-heading-title{padding:0;margin:0;line-height:1}.elementor-widget-heading .elementor-heading-title[class*=elementor-size-]>a{color:inherit;font-size:inherit;line-height:inherit}.elementor-widget-heading .elementor-heading-title.elementor-size-small{font-size:15px}.elementor-widget-heading .elementor-heading-title.elementor-size-medium{font-size:19px}.elementor-widget-heading .elementor-heading-title.elementor-size-large{font-size:29px}.elementor-widget-heading .elementor-heading-title.elementor-size-xl{font-size:39px}.elementor-widget-heading .elementor-heading-title.elementor-size-xxl{font-size:59px}<\/style><h2 class=\"elementor-heading-title elementor-size-default\">Privacy Policy<\/h2>\t\t<\/div>\n\t\t\t\t<\/div>\n\t\t\t\t<section class=\"elementor-section elementor-inner-section elementor-element elementor-element-1b1f767 p-caixa-cinza elementor-section-boxed elementor-section-height-default elementor-section-height-default\" data-id=\"1b1f767\" data-element_type=\"section\">\n\t\t\t\t\t\t<div class=\"elementor-container elementor-column-gap-default\">\n\t\t\t\t\t<div class=\"elementor-column elementor-col-100 elementor-inner-column elementor-element elementor-element-3b5d1e0\" data-id=\"3b5d1e0\" data-element_type=\"column\">\n\t\t\t<div class=\"elementor-widget-wrap elementor-element-populated\">\n\t\t\t\t\t\t\t\t<div class=\"elementor-element elementor-element-dce06da elementor-widget elementor-widget-heading\" data-id=\"dce06da\" data-element_type=\"widget\" data-widget_type=\"heading.default\">\n\t\t\t\t<div class=\"elementor-widget-container\">\n\t\t\t<h2 class=\"elementor-heading-title elementor-size-default\">Condi\u00e7\u00f5es de utiliza\u00e7\u00e3o de www.itg.pt<\/h2>\t\t<\/div>\n\t\t\t\t<\/div>\n\t\t\t\t<div class=\"elementor-element elementor-element-66051aa elementor-widget elementor-widget-text-editor\" data-id=\"66051aa\" data-element_type=\"widget\" data-widget_type=\"text-editor.default\">\n\t\t\t\t<div class=\"elementor-widget-container\">\n\t\t\t<style>\/*! elementor - v3.5.0 - 12-12-2021 *\/\n.elementor-widget-text-editor.elementor-drop-cap-view-stacked .elementor-drop-cap{background-color:#818a91;color:#fff}.elementor-widget-text-editor.elementor-drop-cap-view-framed .elementor-drop-cap{color:#818a91;border:3px solid;background-color:transparent}.elementor-widget-text-editor:not(.elementor-drop-cap-view-default) .elementor-drop-cap{margin-top:8px}.elementor-widget-text-editor:not(.elementor-drop-cap-view-default) .elementor-drop-cap-letter{width:1em;height:1em}.elementor-widget-text-editor .elementor-drop-cap{float:left;text-align:center;line-height:1;font-size:50px}.elementor-widget-text-editor .elementor-drop-cap-letter{display:inline-block}<\/style>\t\t\t\t<p>O utilizador compromete-se a utilizar este website em cumprimento com o disposto na legisla\u00e7\u00e3o aplic\u00e1vel, abstendo-se de utilizar a p\u00e1gina web para atividades contr\u00e1rias \u00e0 lei, \u00e0 moral e bons costumes, ou direitos e interesses de terceiros. O website www.itg.pt pode possuir liga\u00e7\u00f5es a outros websites, os quais poder\u00e3o conter informa\u00e7\u00f5es e ferramentas \u00fateis para os seus utilizadores. As presentes condi\u00e7\u00f5es gerais n\u00e3o ser\u00e3o aplic\u00e1veis a websites de terceiros. Como tal, caso o utilizador visite outro website, redirecionado a partir do nosso website, dever\u00e1 ler a pol\u00edtica de privacidade do mesmo.<\/p>\t\t\t\t\t\t<\/div>\n\t\t\t\t<\/div>\n\t\t\t\t\t<\/div>\n\t\t<\/div>\n\t\t\t\t\t\t\t<\/div>\n\t\t<\/section>\n\t\t\t\t<div class=\"elementor-element elementor-element-73f2385 elementor-widget elementor-widget-heading\" data-id=\"73f2385\" data-element_type=\"widget\" data-widget_type=\"heading.default\">\n\t\t\t\t<div class=\"elementor-widget-container\">\n\t\t\t<h2 class=\"elementor-heading-title elementor-size-default\">Propriedade intelectual<\/h2>\t\t<\/div>\n\t\t\t\t<\/div>\n\t\t\t\t<div class=\"elementor-element elementor-element-fd8822c elementor-widget elementor-widget-text-editor\" data-id=\"fd8822c\" data-element_type=\"widget\" data-widget_type=\"text-editor.default\">\n\t\t\t\t<div class=\"elementor-widget-container\">\n\t\t\t\t\t\t\t<p>Todo o conte\u00fado e informa\u00e7\u00e3o constantes em www.itg.pt e seus subdom\u00ednios, s\u00e3o propriedade do ITG e por isso a utiliza\u00e7\u00e3o, reprodu\u00e7\u00e3o, c\u00f3pia e divulga\u00e7\u00e3o por outros meios de logotipos, textos, imagens e v\u00eddeos constantes naquele website est\u00e1 sujeita \u00e0 sua autoriza\u00e7\u00e3o pr\u00e9via nesse sentido.<\/p>\t\t\t\t\t\t<\/div>\n\t\t\t\t<\/div>\n\t\t\t\t<section class=\"elementor-section elementor-inner-section elementor-element elementor-element-ceb1137 p-caixa-cinza elementor-section-boxed elementor-section-height-default elementor-section-height-default\" data-id=\"ceb1137\" data-element_type=\"section\">\n\t\t\t\t\t\t<div class=\"elementor-container elementor-column-gap-default\">\n\t\t\t\t\t<div class=\"elementor-column elementor-col-100 elementor-inner-column elementor-element elementor-element-e710b67\" data-id=\"e710b67\" data-element_type=\"column\">\n\t\t\t<div class=\"elementor-widget-wrap elementor-element-populated\">\n\t\t\t\t\t\t\t\t<div class=\"elementor-element elementor-element-d20e8c1 elementor-widget elementor-widget-heading\" data-id=\"d20e8c1\" data-element_type=\"widget\" data-widget_type=\"heading.default\">\n\t\t\t\t<div class=\"elementor-widget-container\">\n\t\t\t<h2 class=\"elementor-heading-title elementor-size-default\">Responsabilidade<\/h2>\t\t<\/div>\n\t\t\t\t<\/div>\n\t\t\t\t<div class=\"elementor-element elementor-element-a1b9a20 elementor-widget elementor-widget-text-editor\" data-id=\"a1b9a20\" data-element_type=\"widget\" data-widget_type=\"text-editor.default\">\n\t\t\t\t<div class=\"elementor-widget-container\">\n\t\t\t\t\t\t\t<p>O ITG n\u00e3o \u00e9 respons\u00e1vel pelos preju\u00edzos decorrentes de quaisquer v\u00edrus inform\u00e1ticos ou quaisquer outras situa\u00e7\u00f5es a que seja alheia e que impe\u00e7am o acesso e correto funcionamento do dom\u00ednio www.itg.pt bem como dos servi\u00e7os disponibilizados no mesmo.<\/p>\t\t\t\t\t\t<\/div>\n\t\t\t\t<\/div>\n\t\t\t\t\t<\/div>\n\t\t<\/div>\n\t\t\t\t\t\t\t<\/div>\n\t\t<\/section>\n\t\t\t\t<div class=\"elementor-element elementor-element-bd4b49c elementor-widget elementor-widget-heading\" data-id=\"bd4b49c\" data-element_type=\"widget\" data-widget_type=\"heading.default\">\n\t\t\t\t<div class=\"elementor-widget-container\">\n\t\t\t<h2 class=\"elementor-heading-title elementor-size-default\">Pol\u00edtica de privacidade e prote\u00e7\u00e3o de dados<\/h2>\t\t<\/div>\n\t\t\t\t<\/div>\n\t\t\t\t<div class=\"elementor-element elementor-element-8fd8317 elementor-widget elementor-widget-text-editor\" data-id=\"8fd8317\" data-element_type=\"widget\" data-widget_type=\"text-editor.default\">\n\t\t\t\t<div class=\"elementor-widget-container\">\n\t\t\t\t\t\t\t<p>O ITG respeita a privacidade de todos os utilizadores do seu website e compromete-se a proteger as informa\u00e7\u00f5es pessoais que cada utilizador decidir partilhar. Algumas sec\u00e7\u00f5es e\/ou funcionalidades deste website podem ser navegadas sem recurso a divulga\u00e7\u00e3o de qualquer informa\u00e7\u00e3o pessoal por parte do utilizador.<\/p>\t\t\t\t\t\t<\/div>\n\t\t\t\t<\/div>\n\t\t\t\t\t<\/div>\n\t\t<\/div>\n\t\t\t\t\t\t\t<\/div>\n\t\t<\/section>\n\t\t\t\t\t\t<\/div>\n\t\t\t\t\t<\/div>","protected":false},"excerpt":{"rendered":"<p>Pol\u00edtica de Privacidade Condi\u00e7\u00f5es de utiliza\u00e7\u00e3o de www.itg.pt O utilizador compromete-se a utilizar este website em cumprimento com o disposto na legisla\u00e7\u00e3o aplic\u00e1vel, abstendo-se de utilizar a p\u00e1gina web para atividades contr\u00e1rias \u00e0 lei, \u00e0 moral e bons costumes, ou direitos e interesses de terceiros. O website www.itg.pt pode possuir liga\u00e7\u00f5es a outros websites, os [&hellip;]<\/p>","protected":false},"author":1,"featured_media":0,"parent":0,"menu_order":0,"comment_status":"closed","ping_status":"closed","template":"","meta":{"footnotes":""},"class_list":["post-1731","page","type-page","status-publish","hentry"],"acf":[],"yoast_head":"<!-- This site is optimized with the Yoast SEO plugin v21.8 - https:\/\/yoast.com\/wordpress\/plugins\/seo\/ -->\n<title>Pol\u00edtica de Privacidade - Instituto ITG<\/title>\n<meta name=\"robots\" content=\"index, follow, max-snippet:-1, max-image-preview:large, max-video-preview:-1\" \/>\n<link rel=\"canonical\" href=\"https:\/\/itg.pt\/ITG\/en\/politica-de-privacidade\/\" \/>\n<meta property=\"og:locale\" content=\"en_GB\" \/>\n<meta property=\"og:type\" content=\"article\" \/>\n<meta property=\"og:title\" content=\"Pol\u00edtica de Privacidade - Instituto ITG\" \/>\n<meta property=\"og:description\" content=\"Pol\u00edtica de Privacidade Condi\u00e7\u00f5es de utiliza\u00e7\u00e3o de www.itg.pt O utilizador compromete-se a utilizar este website em cumprimento com o disposto na legisla\u00e7\u00e3o aplic\u00e1vel, abstendo-se de utilizar a p\u00e1gina web para atividades contr\u00e1rias \u00e0 lei, \u00e0 moral e bons costumes, ou direitos e interesses de terceiros. O website www.itg.pt pode possuir liga\u00e7\u00f5es a outros websites, os [&hellip;]\" \/>\n<meta property=\"og:url\" content=\"https:\/\/itg.pt\/ITG\/en\/politica-de-privacidade\/\" \/>\n<meta property=\"og:site_name\" content=\"Instituto ITG\" \/>\n<meta property=\"article:modified_time\" content=\"2024-02-08T12:40:29+00:00\" \/>\n<meta name=\"twitter:card\" content=\"summary_large_image\" \/>\n<meta name=\"twitter:label1\" content=\"Estimated reading time\" \/>\n\t<meta name=\"twitter:data1\" content=\"2 minutes\" \/>\n<script type=\"application\/ld+json\" class=\"yoast-schema-graph\">{\"@context\":\"https:\/\/schema.org\",\"@graph\":[{\"@type\":\"WebPage\",\"@id\":\"https:\/\/itg.pt\/ITG\/politica-de-privacidade\/\",\"url\":\"https:\/\/itg.pt\/ITG\/politica-de-privacidade\/\",\"name\":\"Pol\u00edtica de Privacidade - Instituto ITG\",\"isPartOf\":{\"@id\":\"https:\/\/itg.pt\/ITG\/#website\"},\"datePublished\":\"2023-11-18T15:42:24+00:00\",\"dateModified\":\"2024-02-08T12:40:29+00:00\",\"breadcrumb\":{\"@id\":\"https:\/\/itg.pt\/ITG\/politica-de-privacidade\/#breadcrumb\"},\"inLanguage\":\"en-GB\",\"potentialAction\":[{\"@type\":\"ReadAction\",\"target\":[\"https:\/\/itg.pt\/ITG\/politica-de-privacidade\/\"]}]},{\"@type\":\"BreadcrumbList\",\"@id\":\"https:\/\/itg.pt\/ITG\/politica-de-privacidade\/#breadcrumb\",\"itemListElement\":[{\"@type\":\"ListItem\",\"position\":1,\"name\":\"In\u00edcio\",\"item\":\"https:\/\/itg.pt\/ITG\/\"},{\"@type\":\"ListItem\",\"position\":2,\"name\":\"Pol\u00edtica de Privacidade\"}]},{\"@type\":\"WebSite\",\"@id\":\"https:\/\/itg.pt\/ITG\/#website\",\"url\":\"https:\/\/itg.pt\/ITG\/\",\"name\":\"Instituto ITG\",\"description\":\"\",\"potentialAction\":[{\"@type\":\"SearchAction\",\"target\":{\"@type\":\"EntryPoint\",\"urlTemplate\":\"https:\/\/itg.pt\/ITG\/?s={search_term_string}\"},\"query-input\":\"required name=search_term_string\"}],\"inLanguage\":\"en-GB\"}]}<\/script>\n<!-- \/ Yoast SEO plugin. -->","yoast_head_json":{"title":"Pol\u00edtica de Privacidade - Instituto ITG","robots":{"index":"index","follow":"follow","max-snippet":"max-snippet:-1","max-image-preview":"max-image-preview:large","max-video-preview":"max-video-preview:-1"},"canonical":"https:\/\/itg.pt\/ITG\/en\/politica-de-privacidade\/","og_locale":"en_GB","og_type":"article","og_title":"Pol\u00edtica de Privacidade - Instituto ITG","og_description":"Pol\u00edtica de Privacidade Condi\u00e7\u00f5es de utiliza\u00e7\u00e3o de www.itg.pt O utilizador compromete-se a utilizar este website em cumprimento com o disposto na legisla\u00e7\u00e3o aplic\u00e1vel, abstendo-se de utilizar a p\u00e1gina web para atividades contr\u00e1rias \u00e0 lei, \u00e0 moral e bons costumes, ou direitos e interesses de terceiros. O website www.itg.pt pode possuir liga\u00e7\u00f5es a outros websites, os [&hellip;]","og_url":"https:\/\/itg.pt\/ITG\/en\/politica-de-privacidade\/","og_site_name":"Instituto ITG","article_modified_time":"2024-02-08T12:40:29+00:00","twitter_card":"summary_large_image","twitter_misc":{"Estimated reading time":"2 minutes"},"schema":{"@context":"https:\/\/schema.org","@graph":[{"@type":"WebPage","@id":"https:\/\/itg.pt\/ITG\/politica-de-privacidade\/","url":"https:\/\/itg.pt\/ITG\/politica-de-privacidade\/","name":"Pol\u00edtica de Privacidade - Instituto ITG","isPartOf":{"@id":"https:\/\/itg.pt\/ITG\/#website"},"datePublished":"2023-11-18T15:42:24+00:00","dateModified":"2024-02-08T12:40:29+00:00","breadcrumb":{"@id":"https:\/\/itg.pt\/ITG\/politica-de-privacidade\/#breadcrumb"},"inLanguage":"en-GB","potentialAction":[{"@type":"ReadAction","target":["https:\/\/itg.pt\/ITG\/politica-de-privacidade\/"]}]},{"@type":"BreadcrumbList","@id":"https:\/\/itg.pt\/ITG\/politica-de-privacidade\/#breadcrumb","itemListElement":[{"@type":"ListItem","position":1,"name":"In\u00edcio","item":"https:\/\/itg.pt\/ITG\/"},{"@type":"ListItem","position":2,"name":"Pol\u00edtica de Privacidade"}]},{"@type":"WebSite","@id":"https:\/\/itg.pt\/ITG\/#website","url":"https:\/\/itg.pt\/ITG\/","name":"Instituto ITG","description":"","potentialAction":[{"@type":"SearchAction","target":{"@type":"EntryPoint","urlTemplate":"https:\/\/itg.pt\/ITG\/?s={search_term_string}"},"query-input":"required name=search_term_string"}],"inLanguage":"en-GB"}]}},"_links":{"self":[{"href":"https:\/\/itg.pt\/ITG\/en\/wp-json\/wp\/v2\/pages\/1731","targetHints":{"allow":["GET"]}}],"collection":[{"href":"https:\/\/itg.pt\/ITG\/en\/wp-json\/wp\/v2\/pages"}],"about":[{"href":"https:\/\/itg.pt\/ITG\/en\/wp-json\/wp\/v2\/types\/page"}],"author":[{"embeddable":true,"href":"https:\/\/itg.pt\/ITG\/en\/wp-json\/wp\/v2\/users\/1"}],"replies":[{"embeddable":true,"href":"https:\/\/itg.pt\/ITG\/en\/wp-json\/wp\/v2\/comments?post=1731"}],"version-history":[{"count":17,"href":"https:\/\/itg.pt\/ITG\/en\/wp-json\/wp\/v2\/pages\/1731\/revisions"}],"predecessor-version":[{"id":2484,"href":"https:\/\/itg.pt\/ITG\/en\/wp-json\/wp\/v2\/pages\/1731\/revisions\/2484"}],"wp:attachment":[{"href":"https:\/\/itg.pt\/ITG\/en\/wp-json\/wp\/v2\/media?parent=1731"}],"curies":[{"name":"wp","href":"https:\/\/api.w.org\/{rel}","templated":true}]}}